{"id":980,"date":"2018-03-09T17:35:51","date_gmt":"2018-03-09T15:35:51","guid":{"rendered":"http:\/\/www.ksttukku.fi\/kauppa\/?post_type=product&#038;p=980"},"modified":"2026-01-27T12:32:00","modified_gmt":"2026-01-27T10:32:00","slug":"aada-keskilattiamatto-harmaa","status":"publish","type":"product","link":"https:\/\/www.ksttukku.fi\/kauppa\/tuote\/aada-keskilattiamatto-harmaa\/","title":{"rendered":"Aada matto harmaa"},"content":{"rendered":"<p>Maton ominaisuudet:<br \/>\n&#8211; Reunakantattu<br \/>\n&#8211; Tuftattu<br \/>\n&#8211; Vesipesun ja lattial\u00e4mmityksen kest\u00e4v\u00e4<br \/>\nPohja: Erikoiskumilateksi pohja<br \/>\nMateriaali: 100% Polyamidi<br \/>\nHoito: Vesipesu 40 astetta<\/p>\n<p>V\u00e4ri: Harmaa<\/p>\n","protected":false},"excerpt":{"rendered":"<p>Maton ominaisuudet: &#8211; Reunakantattu &#8211; Tuftattu &#8211; Vesipesun ja lattial\u00e4mmityksen kest\u00e4v\u00e4 Pohja: Erikoiskumilateksi pohja Materiaali: 100% Polyamidi Hoito: Vesipesu 40 astetta V\u00e4ri: Harmaa<\/p>\n","protected":false},"featured_media":2774,"comment_status":"closed","ping_status":"closed","template":"","meta":[],"product_brand":[],"product_cat":[84,23,22],"product_tag":[],"class_list":{"0":"post-980","1":"product","2":"type-product","3":"status-publish","4":"has-post-thumbnail","6":"product_cat-aada","7":"product_cat-kaytava-ja-yleismatot","8":"product_cat-matot","10":"first","11":"instock","12":"taxable","13":"shipping-taxable","14":"purchasable","15":"product-type-variable"},"_links":{"self":[{"href":"https:\/\/www.ksttukku.fi\/kauppa\/wp-json\/wp\/v2\/product\/980","targetHints":{"allow":["GET"]}}],"collection":[{"href":"https:\/\/www.ksttukku.fi\/kauppa\/wp-json\/wp\/v2\/product"}],"about":[{"href":"https:\/\/www.ksttukku.fi\/kauppa\/wp-json\/wp\/v2\/types\/product"}],"replies":[{"embeddable":true,"href":"https:\/\/www.ksttukku.fi\/kauppa\/wp-json\/wp\/v2\/comments?post=980"}],"wp:featuredmedia":[{"embeddable":true,"href":"https:\/\/www.ksttukku.fi\/kauppa\/wp-json\/wp\/v2\/media\/2774"}],"wp:attachment":[{"href":"https:\/\/www.ksttukku.fi\/kauppa\/wp-json\/wp\/v2\/media?parent=980"}],"wp:term":[{"taxonomy":"product_brand","embeddable":true,"href":"https:\/\/www.ksttukku.fi\/kauppa\/wp-json\/wp\/v2\/product_brand?post=980"},{"taxonomy":"product_cat","embeddable":true,"href":"https:\/\/www.ksttukku.fi\/kauppa\/wp-json\/wp\/v2\/product_cat?post=980"},{"taxonomy":"product_tag","embeddable":true,"href":"https:\/\/www.ksttukku.fi\/kauppa\/wp-json\/wp\/v2\/product_tag?post=980"}],"curies":[{"name":"wp","href":"https:\/\/api.w.org\/{rel}","templated":true}]}}