{"id":9891,"date":"2022-05-16T17:52:22","date_gmt":"2022-05-16T14:52:22","guid":{"rendered":"https:\/\/www.ksttukku.fi\/kauppa\/?post_type=product&#038;p=9891"},"modified":"2022-05-16T17:52:22","modified_gmt":"2022-05-16T14:52:22","slug":"kangaslaskoskaihdin-luonnonvaalea-80x180cm","status":"publish","type":"product","link":"https:\/\/www.ksttukku.fi\/kauppa\/tuote\/kangaslaskoskaihdin-luonnonvaalea-80x180cm\/","title":{"rendered":"Kangaslaskoskaihdin  luonnonvaalea 80x180cm"},"content":{"rendered":"<p>Kaihdin laskostaa verhokankaan suurille poimuille, kun kaihdinta nostetaan yl\u00f6s<\/p>\n<p>Kangas laskostuu ryhdikk\u00e4\u00e4sti siihen ommeltujen puurimojen ansiosta.<\/p>\n<p>. Materiaali napakkaa puuvilla-polyesterikangasta (35% puuvillaa ja 65% polyesteri)<\/p>\n<p class=\"product-detail\">\n<form class=\"cart\" action=\"https:\/\/www.pisla.fi\/tuote\/kangaslaskosk-valk-80x180\/\" enctype=\"multipart\/form-data\" method=\"post\">\n<div class=\"quantity\"><\/div>\n<\/form>\n","protected":false},"excerpt":{"rendered":"<p>Kaihdin laskostaa verhokankaan suurille poimuille, kun kaihdinta nostetaan yl\u00f6s Kangas laskostuu ryhdikk\u00e4\u00e4sti siihen ommeltujen puurimojen ansiosta. . Materiaali napakkaa puuvilla-polyesterikangasta (35% puuvillaa ja 65% polyesteri)<\/p>\n","protected":false},"featured_media":9892,"comment_status":"closed","ping_status":"closed","template":"","meta":[],"product_brand":[],"product_cat":[104,456],"product_tag":[],"class_list":{"0":"post-9891","1":"product","2":"type-product","3":"status-publish","4":"has-post-thumbnail","6":"product_cat-kaihtimet-ja-verhotangot","7":"product_cat-laskoskaihdin","9":"first","10":"instock","11":"taxable","12":"shipping-taxable","13":"purchasable","14":"product-type-simple"},"_links":{"self":[{"href":"https:\/\/www.ksttukku.fi\/kauppa\/wp-json\/wp\/v2\/product\/9891","targetHints":{"allow":["GET"]}}],"collection":[{"href":"https:\/\/www.ksttukku.fi\/kauppa\/wp-json\/wp\/v2\/product"}],"about":[{"href":"https:\/\/www.ksttukku.fi\/kauppa\/wp-json\/wp\/v2\/types\/product"}],"replies":[{"embeddable":true,"href":"https:\/\/www.ksttukku.fi\/kauppa\/wp-json\/wp\/v2\/comments?post=9891"}],"wp:featuredmedia":[{"embeddable":true,"href":"https:\/\/www.ksttukku.fi\/kauppa\/wp-json\/wp\/v2\/media\/9892"}],"wp:attachment":[{"href":"https:\/\/www.ksttukku.fi\/kauppa\/wp-json\/wp\/v2\/media?parent=9891"}],"wp:term":[{"taxonomy":"product_brand","embeddable":true,"href":"https:\/\/www.ksttukku.fi\/kauppa\/wp-json\/wp\/v2\/product_brand?post=9891"},{"taxonomy":"product_cat","embeddable":true,"href":"https:\/\/www.ksttukku.fi\/kauppa\/wp-json\/wp\/v2\/product_cat?post=9891"},{"taxonomy":"product_tag","embeddable":true,"href":"https:\/\/www.ksttukku.fi\/kauppa\/wp-json\/wp\/v2\/product_tag?post=9891"}],"curies":[{"name":"wp","href":"https:\/\/api.w.org\/{rel}","templated":true}]}}