{"id":9893,"date":"2022-05-17T11:51:15","date_gmt":"2022-05-17T08:51:15","guid":{"rendered":"https:\/\/www.ksttukku.fi\/kauppa\/?post_type=product&#038;p=9893"},"modified":"2022-05-17T11:51:16","modified_gmt":"2022-05-17T08:51:16","slug":"kangaslaskoskaihdin-vaalea-100x180cm","status":"publish","type":"product","link":"https:\/\/www.ksttukku.fi\/kauppa\/tuote\/kangaslaskoskaihdin-vaalea-100x180cm\/","title":{"rendered":"Kangaslaskoskaihdin vaalea 100x180cm"},"content":{"rendered":"<p class=\"product-detail strong\">65 % polyesteri, 35 % puuvilla \/ valkoinen \/ puupuikot<\/p>\n<p class=\"product-detail strong\">100 x 180 cm<\/p>\n<p class=\"product-additional-information\">Mitta on leveys x korkeus<\/p>\n<form class=\"cart\" action=\"https:\/\/www.pisla.fi\/tuote\/kangaslaskosk-valk-100x180\/\" enctype=\"multipart\/form-data\" method=\"post\">\n<p class=\"price\">\n<div class=\"quantity\"><label class=\"screen-reader-text\" for=\"quantity_628361405e3b0\">M\u00e4\u00e4r\u00e4<\/label> <input id=\"quantity_628361405e3b0\" class=\"input-text qty text\" title=\"M\u00e4\u00e4r\u00e4\" max=\"203\" min=\"1\" name=\"quantity\" pattern=\"[0-9]*\" size=\"4\" step=\"1\" type=\"number\" value=\"1\" aria-labelledby=\"Kangaslaskoskaihdin m\u00e4\u00e4r\u00e4\" \/><\/div>\n<\/form>\n<div class=\"summary entry-summary\">\n<div class=\"reviews-and-availability\">\n<p class=\"stock in-stock\">Toimitettavissa<\/p>\n<\/div>\n<\/div>\n<div class=\"woocommerce-tabs wc-tabs-wrapper\">\n<ul id=\"product-info-tabs\" class=\"tabs\" role=\"tablist\" data-responsive-accordion-tabs=\"tabs small-accordion medium-tabs\" data-t=\"trd7a3-t\">\n<li id=\"tab-title-description\" class=\"description_tab tabs-title\n\t\t\t\t\t\t\t\t\t   is-active\t\t\t\t\" role=\"presentation\" aria-controls=\"tab-description\"><a id=\"tab-description-label\" tabindex=\"0\" role=\"tab\" href=\"https:\/\/www.pisla.fi\/tuote\/kangaslaskosk-valk-100x180\/#tab-description\" aria-selected=\"true\" aria-controls=\"tab-description\">Kuvaus<\/a><\/li>\n<li id=\"tab-title-reviews\" class=\"reviews_tab tabs-title\n\t\t\t\t\t\t\t\t\t  \t\t\t\t\" role=\"presentation\" aria-controls=\"tab-reviews\"><a id=\"tab-reviews-label\" tabindex=\"-1\" role=\"tab\" href=\"https:\/\/www.pisla.fi\/tuote\/kangaslaskosk-valk-100x180\/#tab-reviews\" aria-controls=\"tab-reviews\" aria-selected=\"false\">Arviot (0)<\/a><\/li>\n<\/ul>\n<\/div>\n","protected":false},"excerpt":{"rendered":"<p>65 % polyesteri, 35 % puuvilla \/ valkoinen \/ puupuikot 100 x 180 cm Mitta on leveys x korkeus M\u00e4\u00e4r\u00e4 Toimitettavissa Kuvaus Arviot (0)<\/p>\n","protected":false},"featured_media":9892,"comment_status":"closed","ping_status":"closed","template":"","meta":[],"product_brand":[],"product_cat":[104,456],"product_tag":[],"class_list":{"0":"post-9893","1":"product","2":"type-product","3":"status-publish","4":"has-post-thumbnail","6":"product_cat-kaihtimet-ja-verhotangot","7":"product_cat-laskoskaihdin","9":"first","10":"instock","11":"taxable","12":"shipping-taxable","13":"purchasable","14":"product-type-simple"},"_links":{"self":[{"href":"https:\/\/www.ksttukku.fi\/kauppa\/wp-json\/wp\/v2\/product\/9893","targetHints":{"allow":["GET"]}}],"collection":[{"href":"https:\/\/www.ksttukku.fi\/kauppa\/wp-json\/wp\/v2\/product"}],"about":[{"href":"https:\/\/www.ksttukku.fi\/kauppa\/wp-json\/wp\/v2\/types\/product"}],"replies":[{"embeddable":true,"href":"https:\/\/www.ksttukku.fi\/kauppa\/wp-json\/wp\/v2\/comments?post=9893"}],"wp:featuredmedia":[{"embeddable":true,"href":"https:\/\/www.ksttukku.fi\/kauppa\/wp-json\/wp\/v2\/media\/9892"}],"wp:attachment":[{"href":"https:\/\/www.ksttukku.fi\/kauppa\/wp-json\/wp\/v2\/media?parent=9893"}],"wp:term":[{"taxonomy":"product_brand","embeddable":true,"href":"https:\/\/www.ksttukku.fi\/kauppa\/wp-json\/wp\/v2\/product_brand?post=9893"},{"taxonomy":"product_cat","embeddable":true,"href":"https:\/\/www.ksttukku.fi\/kauppa\/wp-json\/wp\/v2\/product_cat?post=9893"},{"taxonomy":"product_tag","embeddable":true,"href":"https:\/\/www.ksttukku.fi\/kauppa\/wp-json\/wp\/v2\/product_tag?post=9893"}],"curies":[{"name":"wp","href":"https:\/\/api.w.org\/{rel}","templated":true}]}}