{"id":9895,"date":"2022-05-17T14:11:13","date_gmt":"2022-05-17T11:11:13","guid":{"rendered":"https:\/\/www.ksttukku.fi\/kauppa\/?post_type=product&#038;p=9895"},"modified":"2022-05-17T14:11:31","modified_gmt":"2022-05-17T11:11:31","slug":"kangaslaskoskaihdin-vaalea-120x180cm","status":"publish","type":"product","link":"https:\/\/www.ksttukku.fi\/kauppa\/tuote\/kangaslaskoskaihdin-vaalea-120x180cm\/","title":{"rendered":"Kangaslaskoskaihdin vaalea 120x180cm"},"content":{"rendered":"<p class=\"product-detail strong\">65 % polyesteri, 35 % puuvilla \/ valkoinen \/ puupuikot<\/p>\n<p class=\"product-detail strong\">120 x 180 cm<\/p>\n<p class=\"product-additional-information\">Mitta on leveys x korkeus<\/p>\n<form class=\"cart\" action=\"https:\/\/www.pisla.fi\/tuote\/kangaslaskosk-valk-120x180\/\" enctype=\"multipart\/form-data\" method=\"post\">\n<div class=\"clear\"><\/div>\n<p class=\"price\"><input id=\"quantity_6283613f827cd\" class=\"input-text qty text\" title=\"M\u00e4\u00e4r\u00e4\" max=\"43\" min=\"1\" name=\"quantity\" pattern=\"[0-9]*\" size=\"4\" step=\"1\" type=\"number\" value=\"1\" aria-labelledby=\"Kangaslaskoskaihdin m\u00e4\u00e4r\u00e4\" \/><\/p>\n<\/form>\n","protected":false},"excerpt":{"rendered":"<p>65 % polyesteri, 35 % puuvilla \/ valkoinen \/ puupuikot 120 x 180 cm Mitta on leveys x korkeus<\/p>\n","protected":false},"featured_media":9892,"comment_status":"closed","ping_status":"closed","template":"","meta":[],"product_brand":[],"product_cat":[104,456],"product_tag":[],"class_list":{"0":"post-9895","1":"product","2":"type-product","3":"status-publish","4":"has-post-thumbnail","6":"product_cat-kaihtimet-ja-verhotangot","7":"product_cat-laskoskaihdin","9":"first","10":"instock","11":"taxable","12":"shipping-taxable","13":"purchasable","14":"product-type-simple"},"_links":{"self":[{"href":"https:\/\/www.ksttukku.fi\/kauppa\/wp-json\/wp\/v2\/product\/9895","targetHints":{"allow":["GET"]}}],"collection":[{"href":"https:\/\/www.ksttukku.fi\/kauppa\/wp-json\/wp\/v2\/product"}],"about":[{"href":"https:\/\/www.ksttukku.fi\/kauppa\/wp-json\/wp\/v2\/types\/product"}],"replies":[{"embeddable":true,"href":"https:\/\/www.ksttukku.fi\/kauppa\/wp-json\/wp\/v2\/comments?post=9895"}],"wp:featuredmedia":[{"embeddable":true,"href":"https:\/\/www.ksttukku.fi\/kauppa\/wp-json\/wp\/v2\/media\/9892"}],"wp:attachment":[{"href":"https:\/\/www.ksttukku.fi\/kauppa\/wp-json\/wp\/v2\/media?parent=9895"}],"wp:term":[{"taxonomy":"product_brand","embeddable":true,"href":"https:\/\/www.ksttukku.fi\/kauppa\/wp-json\/wp\/v2\/product_brand?post=9895"},{"taxonomy":"product_cat","embeddable":true,"href":"https:\/\/www.ksttukku.fi\/kauppa\/wp-json\/wp\/v2\/product_cat?post=9895"},{"taxonomy":"product_tag","embeddable":true,"href":"https:\/\/www.ksttukku.fi\/kauppa\/wp-json\/wp\/v2\/product_tag?post=9895"}],"curies":[{"name":"wp","href":"https:\/\/api.w.org\/{rel}","templated":true}]}}