{"id":9898,"date":"2022-05-17T17:16:47","date_gmt":"2022-05-17T14:16:47","guid":{"rendered":"https:\/\/www.ksttukku.fi\/kauppa\/?post_type=product&#038;p=9898"},"modified":"2022-05-17T17:28:54","modified_gmt":"2022-05-17T14:28:54","slug":"musta-pimentava-rullakaihdin-70-x180cm","status":"publish","type":"product","link":"https:\/\/www.ksttukku.fi\/kauppa\/tuote\/musta-pimentava-rullakaihdin-70-x180cm\/","title":{"rendered":"Musta piment\u00e4v\u00e4 rullakaihdin 70 x180cm"},"content":{"rendered":"<p class=\"product-detail strong\">Polar-kangas \/ musta \/ piment\u00e4v\u00e4<\/p>\n<p class=\"product-detail strong\">70 x 180 cm<\/p>\n<p class=\"product-additional-information\">Mitta on leveys x korkeus<\/p>\n<ul>\n<li>Polar-kankaassa t\u00e4ysin piment\u00e4v\u00e4 valkoinen tausta.<\/li>\n<li>Valkoinen v\u00e4ri heijastaa tutkitusti parhaiten auringonvalon takaisin.<\/li>\n<li>Alareunassa on sis\u00e4\u00e4n ommeltu lista.<\/li>\n<li>Kaihtimissa on lapsiturvaosa<\/li>\n<\/ul>\n","protected":false},"excerpt":{"rendered":"<p>Polar-kangas \/ musta \/ piment\u00e4v\u00e4 70 x 180 cm Mitta on leveys x korkeus Polar-kankaassa t\u00e4ysin piment\u00e4v\u00e4 valkoinen tausta. Valkoinen v\u00e4ri heijastaa tutkitusti parhaiten auringonvalon takaisin. Alareunassa on sis\u00e4\u00e4n ommeltu lista. Kaihtimissa on lapsiturvaosa<\/p>\n","protected":false},"featured_media":9899,"comment_status":"closed","ping_status":"closed","template":"","meta":[],"product_brand":[],"product_cat":[104,111],"product_tag":[],"class_list":{"0":"post-9898","1":"product","2":"type-product","3":"status-publish","4":"has-post-thumbnail","6":"product_cat-kaihtimet-ja-verhotangot","7":"product_cat-pimennyskaihdin","9":"first","10":"instock","11":"taxable","12":"shipping-taxable","13":"purchasable","14":"product-type-simple"},"_links":{"self":[{"href":"https:\/\/www.ksttukku.fi\/kauppa\/wp-json\/wp\/v2\/product\/9898","targetHints":{"allow":["GET"]}}],"collection":[{"href":"https:\/\/www.ksttukku.fi\/kauppa\/wp-json\/wp\/v2\/product"}],"about":[{"href":"https:\/\/www.ksttukku.fi\/kauppa\/wp-json\/wp\/v2\/types\/product"}],"replies":[{"embeddable":true,"href":"https:\/\/www.ksttukku.fi\/kauppa\/wp-json\/wp\/v2\/comments?post=9898"}],"wp:featuredmedia":[{"embeddable":true,"href":"https:\/\/www.ksttukku.fi\/kauppa\/wp-json\/wp\/v2\/media\/9899"}],"wp:attachment":[{"href":"https:\/\/www.ksttukku.fi\/kauppa\/wp-json\/wp\/v2\/media?parent=9898"}],"wp:term":[{"taxonomy":"product_brand","embeddable":true,"href":"https:\/\/www.ksttukku.fi\/kauppa\/wp-json\/wp\/v2\/product_brand?post=9898"},{"taxonomy":"product_cat","embeddable":true,"href":"https:\/\/www.ksttukku.fi\/kauppa\/wp-json\/wp\/v2\/product_cat?post=9898"},{"taxonomy":"product_tag","embeddable":true,"href":"https:\/\/www.ksttukku.fi\/kauppa\/wp-json\/wp\/v2\/product_tag?post=9898"}],"curies":[{"name":"wp","href":"https:\/\/api.w.org\/{rel}","templated":true}]}}