{"id":9902,"date":"2022-05-17T17:36:38","date_gmt":"2022-05-17T14:36:38","guid":{"rendered":"https:\/\/www.ksttukku.fi\/kauppa\/?post_type=product&#038;p=9902"},"modified":"2022-05-17T17:38:38","modified_gmt":"2022-05-17T14:38:38","slug":"musta-pimennys-rullakaihdin-120x180cm","status":"publish","type":"product","link":"https:\/\/www.ksttukku.fi\/kauppa\/tuote\/musta-pimennys-rullakaihdin-120x180cm\/","title":{"rendered":"Musta pimennys rullakaihdin 120x180cm"},"content":{"rendered":"<p class=\"product-detail strong\">Polar-kangas \/ musta \/ piment\u00e4v\u00e4<\/p>\n<p class=\"product-detail strong\">120 x 180 cm<\/p>\n<p class=\"product-additional-information\">Mitta on leveys x korkeus<\/p>\n<form class=\"cart\" action=\"https:\/\/www.pisla.fi\/tuote\/rullak-musta-pim-120180\/\" enctype=\"multipart\/form-data\" method=\"post\"><\/form>\n<p>&nbsp;<\/p>\n<ul>\n<li>polar-kankaassa t\u00e4ysin piment\u00e4v\u00e4 valkoinen tausta<\/li>\n<li>Valkoinen v\u00e4ri heijastaa tutkitusti parhaiten auringonvalon takaisin.<\/li>\n<li>Alareunassa on sis\u00e4\u00e4n ommeltu lista.<\/li>\n<li>Kaihtimissa on lapsiturvaosa<\/li>\n<\/ul>\n","protected":false},"excerpt":{"rendered":"<p>Polar-kangas \/ musta \/ piment\u00e4v\u00e4 120 x 180 cm Mitta on leveys x korkeus &nbsp; polar-kankaassa t\u00e4ysin piment\u00e4v\u00e4 valkoinen tausta Valkoinen v\u00e4ri heijastaa tutkitusti parhaiten auringonvalon takaisin. Alareunassa on sis\u00e4\u00e4n ommeltu lista. Kaihtimissa on lapsiturvaosa<\/p>\n","protected":false},"featured_media":9899,"comment_status":"closed","ping_status":"closed","template":"","meta":[],"product_brand":[],"product_cat":[104,111],"product_tag":[],"class_list":{"0":"post-9902","1":"product","2":"type-product","3":"status-publish","4":"has-post-thumbnail","6":"product_cat-kaihtimet-ja-verhotangot","7":"product_cat-pimennyskaihdin","9":"first","10":"instock","11":"taxable","12":"shipping-taxable","13":"purchasable","14":"product-type-simple"},"_links":{"self":[{"href":"https:\/\/www.ksttukku.fi\/kauppa\/wp-json\/wp\/v2\/product\/9902","targetHints":{"allow":["GET"]}}],"collection":[{"href":"https:\/\/www.ksttukku.fi\/kauppa\/wp-json\/wp\/v2\/product"}],"about":[{"href":"https:\/\/www.ksttukku.fi\/kauppa\/wp-json\/wp\/v2\/types\/product"}],"replies":[{"embeddable":true,"href":"https:\/\/www.ksttukku.fi\/kauppa\/wp-json\/wp\/v2\/comments?post=9902"}],"wp:featuredmedia":[{"embeddable":true,"href":"https:\/\/www.ksttukku.fi\/kauppa\/wp-json\/wp\/v2\/media\/9899"}],"wp:attachment":[{"href":"https:\/\/www.ksttukku.fi\/kauppa\/wp-json\/wp\/v2\/media?parent=9902"}],"wp:term":[{"taxonomy":"product_brand","embeddable":true,"href":"https:\/\/www.ksttukku.fi\/kauppa\/wp-json\/wp\/v2\/product_brand?post=9902"},{"taxonomy":"product_cat","embeddable":true,"href":"https:\/\/www.ksttukku.fi\/kauppa\/wp-json\/wp\/v2\/product_cat?post=9902"},{"taxonomy":"product_tag","embeddable":true,"href":"https:\/\/www.ksttukku.fi\/kauppa\/wp-json\/wp\/v2\/product_tag?post=9902"}],"curies":[{"name":"wp","href":"https:\/\/api.w.org\/{rel}","templated":true}]}}