{"id":9915,"date":"2022-05-18T16:49:38","date_gmt":"2022-05-18T13:49:38","guid":{"rendered":"https:\/\/www.ksttukku.fi\/kauppa\/?post_type=product&#038;p=9915"},"modified":"2022-05-18T16:49:39","modified_gmt":"2022-05-18T13:49:39","slug":"plisee-vekkikaihdin-100x140cm-harmaa","status":"publish","type":"product","link":"https:\/\/www.ksttukku.fi\/kauppa\/tuote\/plisee-vekkikaihdin-100x140cm-harmaa\/","title":{"rendered":"Plisee vekkikaihdin 100x140cm harmaa"},"content":{"rendered":"<p>Plis\u00e9-kaihdin on k\u00e4ytett\u00e4vyydelt\u00e4\u00e4n monipuolinen kankainen vekkikaihdin. Kaihdinta voidaan s\u00e4\u00e4t\u00e4\u00e4 sek\u00e4 yl\u00e4- ett\u00e4 alareunasta \u2013 sek\u00e4 molemmista yht\u00e4 aikaa. Saat n\u00e4k\u00f6- ja h\u00e4ik\u00e4isysuojaa ikkunaasi juuri siihen kohtaa mihin sit\u00e4 tarvitset, menett\u00e4m\u00e4tt\u00e4 kokonaan valon p\u00e4\u00e4sy\u00e4 sis\u00e4\u00e4n ja n\u00e4kyvyytt\u00e4 ulos. Kaihtimen kangas on 100 % polyesteri\u00e4 ja se on pest\u00e4v\u00e4\u00e4 ja rypistym\u00e4t\u00f6nt\u00e4. Rutistuttuaankin se oikenee alkuper\u00e4iseen muotoonsa. Harmaan kaihtimen Crushed Pearl -kankaan kuosi on murrettu ja eloisan n\u00e4k\u00f6inen, taustapuolella on helmi\u00e4shohtoinen pinta. Kankaan voi likaantuessa pyyhki\u00e4 kostealla tai pest\u00e4 varovasti k\u00e4sin miedolla pesuaineella max 30\u00b0C. Kuivatus suorassa ja tarvittaessa silitys matalalla l\u00e4mp\u00f6tilalla, noin 100-120\u00b0C. Laske ylh\u00e4\u00e4lt\u00e4 alas, tai nosta alhaalta yl\u00f6s \u2013 tai s\u00e4\u00e4d\u00e4 molemmista reunoista yht\u00e4 aikaa!<\/p>\n","protected":false},"excerpt":{"rendered":"<p>Plis\u00e9-kaihdin on k\u00e4ytett\u00e4vyydelt\u00e4\u00e4n monipuolinen kankainen vekkikaihdin. Kaihdinta voidaan s\u00e4\u00e4t\u00e4\u00e4 sek\u00e4 yl\u00e4- ett\u00e4 alareunasta \u2013 sek\u00e4 molemmista yht\u00e4 aikaa. Saat n\u00e4k\u00f6- ja h\u00e4ik\u00e4isysuojaa ikkunaasi juuri siihen kohtaa mihin sit\u00e4 tarvitset, menett\u00e4m\u00e4tt\u00e4 kokonaan valon p\u00e4\u00e4sy\u00e4 sis\u00e4\u00e4n ja n\u00e4kyvyytt\u00e4 ulos. Kaihtimen kangas on 100 % polyesteri\u00e4 ja se on pest\u00e4v\u00e4\u00e4 ja rypistym\u00e4t\u00f6nt\u00e4. Rutistuttuaankin se oikenee alkuper\u00e4iseen muotoonsa. Harmaan [&hellip;]<\/p>\n","protected":false},"featured_media":9908,"comment_status":"closed","ping_status":"closed","template":"","meta":[],"product_brand":[],"product_cat":[104,112],"product_tag":[],"class_list":{"0":"post-9915","1":"product","2":"type-product","3":"status-publish","4":"has-post-thumbnail","6":"product_cat-kaihtimet-ja-verhotangot","7":"product_cat-rullakaihdin","9":"first","10":"instock","11":"taxable","12":"shipping-taxable","13":"purchasable","14":"product-type-simple"},"_links":{"self":[{"href":"https:\/\/www.ksttukku.fi\/kauppa\/wp-json\/wp\/v2\/product\/9915","targetHints":{"allow":["GET"]}}],"collection":[{"href":"https:\/\/www.ksttukku.fi\/kauppa\/wp-json\/wp\/v2\/product"}],"about":[{"href":"https:\/\/www.ksttukku.fi\/kauppa\/wp-json\/wp\/v2\/types\/product"}],"replies":[{"embeddable":true,"href":"https:\/\/www.ksttukku.fi\/kauppa\/wp-json\/wp\/v2\/comments?post=9915"}],"wp:featuredmedia":[{"embeddable":true,"href":"https:\/\/www.ksttukku.fi\/kauppa\/wp-json\/wp\/v2\/media\/9908"}],"wp:attachment":[{"href":"https:\/\/www.ksttukku.fi\/kauppa\/wp-json\/wp\/v2\/media?parent=9915"}],"wp:term":[{"taxonomy":"product_brand","embeddable":true,"href":"https:\/\/www.ksttukku.fi\/kauppa\/wp-json\/wp\/v2\/product_brand?post=9915"},{"taxonomy":"product_cat","embeddable":true,"href":"https:\/\/www.ksttukku.fi\/kauppa\/wp-json\/wp\/v2\/product_cat?post=9915"},{"taxonomy":"product_tag","embeddable":true,"href":"https:\/\/www.ksttukku.fi\/kauppa\/wp-json\/wp\/v2\/product_tag?post=9915"}],"curies":[{"name":"wp","href":"https:\/\/api.w.org\/{rel}","templated":true}]}}