{"id":9928,"date":"2022-05-19T13:54:44","date_gmt":"2022-05-19T10:54:44","guid":{"rendered":"https:\/\/www.ksttukku.fi\/kauppa\/?post_type=product&#038;p=9928"},"modified":"2023-01-04T17:34:12","modified_gmt":"2023-01-04T15:34:12","slug":"komposiittiallas-atrox-10-musta-m400-kaappiin","status":"publish","type":"product","link":"https:\/\/www.ksttukku.fi\/kauppa\/tuote\/komposiittiallas-atrox-10-musta-m400-kaappiin\/","title":{"rendered":"Komposiittiallas Atrox 10 musta M400 kaappiin"},"content":{"rendered":"<p>Atrox 10 on kompakti ja moderni allas, joka sopii hyvin pieniin keitti\u00f6ihin tai kodinhoitotiloihin.<\/p>\n<p>Tyylik\u00e4s komposiittiallas laadukkaasta ja kest\u00e4v\u00e4st\u00e4 Granital materiaalista. 75 % kvartsia ja 25 % polymeeri hartsia.<\/p>\n<p>Komposiittiallas kest\u00e4\u00e4 hyvin naarmuja ja iskuja. Sile\u00e4 pinta takaa helpon puhdistuksen: lika, tahrat ja jopa vahingossa vuotaneet kemikaalit voidaan poistaa vaivattomasti. Laadukas materiaali ja asianmukainen puhdistus takaa komposiittialtaan pitk\u00e4ik\u00e4isyyden. Kest\u00e4\u00e4 kuumuutta 180 asteeseen saakka.<\/p>\n<p>Allas on sek\u00e4 pinta ett\u00e4 alta-asennettava.<\/p>\n","protected":false},"excerpt":{"rendered":"<p>Materiaali: Granital.<br \/>\nSopii minimiss\u00e4\u00e4n 400mm kaappiin.<br \/>\nTyylik\u00e4s komposiittiallas laadukkaasta ja kest\u00e4v\u00e4st\u00e4 Granital materiaalista. 75 % kvartsia ja 25 % polymeeri hartsia.<\/p>\n","protected":false},"featured_media":9929,"comment_status":"closed","ping_status":"closed","template":"","meta":[],"product_brand":[],"product_cat":[459,478,495],"product_tag":[],"class_list":{"0":"post-9928","1":"product","2":"type-product","3":"status-publish","4":"has-post-thumbnail","6":"product_cat-altaat","7":"product_cat-hanat-altaat","8":"product_cat-komposiittialtaat","10":"first","11":"instock","12":"taxable","13":"shipping-taxable","14":"purchasable","15":"product-type-simple"},"_links":{"self":[{"href":"https:\/\/www.ksttukku.fi\/kauppa\/wp-json\/wp\/v2\/product\/9928","targetHints":{"allow":["GET"]}}],"collection":[{"href":"https:\/\/www.ksttukku.fi\/kauppa\/wp-json\/wp\/v2\/product"}],"about":[{"href":"https:\/\/www.ksttukku.fi\/kauppa\/wp-json\/wp\/v2\/types\/product"}],"replies":[{"embeddable":true,"href":"https:\/\/www.ksttukku.fi\/kauppa\/wp-json\/wp\/v2\/comments?post=9928"}],"wp:featuredmedia":[{"embeddable":true,"href":"https:\/\/www.ksttukku.fi\/kauppa\/wp-json\/wp\/v2\/media\/9929"}],"wp:attachment":[{"href":"https:\/\/www.ksttukku.fi\/kauppa\/wp-json\/wp\/v2\/media?parent=9928"}],"wp:term":[{"taxonomy":"product_brand","embeddable":true,"href":"https:\/\/www.ksttukku.fi\/kauppa\/wp-json\/wp\/v2\/product_brand?post=9928"},{"taxonomy":"product_cat","embeddable":true,"href":"https:\/\/www.ksttukku.fi\/kauppa\/wp-json\/wp\/v2\/product_cat?post=9928"},{"taxonomy":"product_tag","embeddable":true,"href":"https:\/\/www.ksttukku.fi\/kauppa\/wp-json\/wp\/v2\/product_tag?post=9928"}],"curies":[{"name":"wp","href":"https:\/\/api.w.org\/{rel}","templated":true}]}}