{"id":9935,"date":"2022-05-19T15:23:16","date_gmt":"2022-05-19T12:23:16","guid":{"rendered":"https:\/\/www.ksttukku.fi\/kauppa\/?post_type=product&#038;p=9935"},"modified":"2022-05-19T15:27:18","modified_gmt":"2022-05-19T12:27:18","slug":"sonyaverhotanko-120-210cm-valkoinen","status":"publish","type":"product","link":"https:\/\/www.ksttukku.fi\/kauppa\/tuote\/sonyaverhotanko-120-210cm-valkoinen\/","title":{"rendered":"Sonyaverhotanko 120-210cm valkoinen"},"content":{"rendered":"<p>S\u00e4\u00e4dett\u00e4v\u00e4 verhotanko on helppo asentaa v\u00e4lille 120-210 cm. Tangon halkaisija 16-19 mm.<\/p>\n<p>Pakkaus sis\u00e4lt\u00e4\u00e4 kannakkeet ja kiinnikkeet.<\/p>\n<p>v\u00e4ri: valkoinen<br \/>\nmitat: 120-210 cm \/ \u00d8 16-19 mm<\/p>\n","protected":false},"excerpt":{"rendered":"<p>S\u00e4\u00e4dett\u00e4v\u00e4 verhotanko on helppo asentaa v\u00e4lille 120-210 cm. Tangon halkaisija 16-19 mm. Pakkaus sis\u00e4lt\u00e4\u00e4 kannakkeet ja kiinnikkeet. v\u00e4ri: valkoinen mitat: 120-210 cm \/ \u00d8 16-19 mm<\/p>\n","protected":false},"featured_media":9936,"comment_status":"closed","ping_status":"closed","template":"","meta":[],"product_brand":[],"product_cat":[377,481],"product_tag":[],"class_list":{"0":"post-9935","1":"product","2":"type-product","3":"status-publish","4":"has-post-thumbnail","6":"product_cat-sisustus-lahjatavarat","7":"product_cat-verhotangot-sisustus-lahjatavarat","9":"first","10":"instock","11":"taxable","12":"shipping-taxable","13":"purchasable","14":"product-type-simple"},"_links":{"self":[{"href":"https:\/\/www.ksttukku.fi\/kauppa\/wp-json\/wp\/v2\/product\/9935","targetHints":{"allow":["GET"]}}],"collection":[{"href":"https:\/\/www.ksttukku.fi\/kauppa\/wp-json\/wp\/v2\/product"}],"about":[{"href":"https:\/\/www.ksttukku.fi\/kauppa\/wp-json\/wp\/v2\/types\/product"}],"replies":[{"embeddable":true,"href":"https:\/\/www.ksttukku.fi\/kauppa\/wp-json\/wp\/v2\/comments?post=9935"}],"wp:featuredmedia":[{"embeddable":true,"href":"https:\/\/www.ksttukku.fi\/kauppa\/wp-json\/wp\/v2\/media\/9936"}],"wp:attachment":[{"href":"https:\/\/www.ksttukku.fi\/kauppa\/wp-json\/wp\/v2\/media?parent=9935"}],"wp:term":[{"taxonomy":"product_brand","embeddable":true,"href":"https:\/\/www.ksttukku.fi\/kauppa\/wp-json\/wp\/v2\/product_brand?post=9935"},{"taxonomy":"product_cat","embeddable":true,"href":"https:\/\/www.ksttukku.fi\/kauppa\/wp-json\/wp\/v2\/product_cat?post=9935"},{"taxonomy":"product_tag","embeddable":true,"href":"https:\/\/www.ksttukku.fi\/kauppa\/wp-json\/wp\/v2\/product_tag?post=9935"}],"curies":[{"name":"wp","href":"https:\/\/api.w.org\/{rel}","templated":true}]}}