{"id":9937,"date":"2022-05-19T15:39:03","date_gmt":"2022-05-19T12:39:03","guid":{"rendered":"https:\/\/www.ksttukku.fi\/kauppa\/?post_type=product&#038;p=9937"},"modified":"2025-09-19T18:09:35","modified_gmt":"2025-09-19T15:09:35","slug":"sonya-verhotanko-valkoinen-165-300cm","status":"publish","type":"product","link":"https:\/\/www.ksttukku.fi\/kauppa\/tuote\/sonya-verhotanko-valkoinen-165-300cm\/","title":{"rendered":"Sonya verhotanko valkoinen 165-300cm"},"content":{"rendered":"<p>S\u00e4\u00e4dett\u00e4v\u00e4 verhotanko on helppo asentaa v\u00e4lille 165-300 cm. Tangon halkaisija 16-19 mm.<\/p>\n<p>Pakkaus sis\u00e4lt\u00e4\u00e4 kannakkeet ja kiinnikkeet.<\/p>\n<p>v\u00e4ri valkoinen<\/p>\n<p>mitat: 165-300 cm \/ \u00d8 16-19 mm<\/p>\n","protected":false},"excerpt":{"rendered":"<p>S\u00e4\u00e4dett\u00e4v\u00e4 verhotanko on helppo asentaa v\u00e4lille 165-300 cm. Tangon halkaisija 16-19 mm. Pakkaus sis\u00e4lt\u00e4\u00e4 kannakkeet ja kiinnikkeet. v\u00e4ri valkoinen mitat: 165-300 cm \/ \u00d8 16-19 mm<\/p>\n","protected":false},"featured_media":9936,"comment_status":"closed","ping_status":"closed","template":"","meta":[],"product_brand":[],"product_cat":[104,481,480],"product_tag":[],"class_list":{"0":"post-9937","1":"product","2":"type-product","3":"status-publish","4":"has-post-thumbnail","6":"product_cat-kaihtimet-ja-verhotangot","7":"product_cat-verhotangot-sisustus-lahjatavarat","8":"product_cat-verhotangot-sisustuslevyt","10":"first","11":"instock","12":"taxable","13":"shipping-taxable","14":"purchasable","15":"product-type-simple"},"_links":{"self":[{"href":"https:\/\/www.ksttukku.fi\/kauppa\/wp-json\/wp\/v2\/product\/9937","targetHints":{"allow":["GET"]}}],"collection":[{"href":"https:\/\/www.ksttukku.fi\/kauppa\/wp-json\/wp\/v2\/product"}],"about":[{"href":"https:\/\/www.ksttukku.fi\/kauppa\/wp-json\/wp\/v2\/types\/product"}],"replies":[{"embeddable":true,"href":"https:\/\/www.ksttukku.fi\/kauppa\/wp-json\/wp\/v2\/comments?post=9937"}],"wp:featuredmedia":[{"embeddable":true,"href":"https:\/\/www.ksttukku.fi\/kauppa\/wp-json\/wp\/v2\/media\/9936"}],"wp:attachment":[{"href":"https:\/\/www.ksttukku.fi\/kauppa\/wp-json\/wp\/v2\/media?parent=9937"}],"wp:term":[{"taxonomy":"product_brand","embeddable":true,"href":"https:\/\/www.ksttukku.fi\/kauppa\/wp-json\/wp\/v2\/product_brand?post=9937"},{"taxonomy":"product_cat","embeddable":true,"href":"https:\/\/www.ksttukku.fi\/kauppa\/wp-json\/wp\/v2\/product_cat?post=9937"},{"taxonomy":"product_tag","embeddable":true,"href":"https:\/\/www.ksttukku.fi\/kauppa\/wp-json\/wp\/v2\/product_tag?post=9937"}],"curies":[{"name":"wp","href":"https:\/\/api.w.org\/{rel}","templated":true}]}}