{"id":9960,"date":"2022-05-20T16:00:21","date_gmt":"2022-05-20T13:00:21","guid":{"rendered":"https:\/\/www.ksttukku.fi\/kauppa\/?post_type=product&#038;p=9960"},"modified":"2022-05-20T16:00:22","modified_gmt":"2022-05-20T13:00:22","slug":"kytkin-hiili-5-pinta-mattamusta-ip44","status":"publish","type":"product","link":"https:\/\/www.ksttukku.fi\/kauppa\/tuote\/kytkin-hiili-5-pinta-mattamusta-ip44\/","title":{"rendered":"Kytkin HIILI 5 pinta mattamusta IP44"},"content":{"rendered":"<p><span id=\"data1\" class=\"pt1\">Tekniset tiedot:<br \/>\nNimellisj\u00e4nnite: 250 V<br \/>\nTaajuus 50 Hz<br \/>\nNimellisvirta: 16 A<br \/>\nKotelointiluokka: IP44<br \/>\nMateriaali: PC, halogeeniton<br \/>\nV\u00e4ri: musta<br \/>\nKytkent\u00e4tapa: ruuviliittimet<br \/>\nAsennus: pinta-asennus<\/p>\n<p>Tuotteen mitat:<br \/>\nLeveys (mm): 65 mm<br \/>\nKorkeus (mm): 73 mm<br \/>\nSyvyys (mm): 45 mm<\/span><\/p>\n","protected":false},"excerpt":{"rendered":"<p>HIILI-sarjan mattamusta pinta-asennettava roiskevesitiivis kruunukytkin, joka soveltuu my\u00f6s kosteisiin tiloihin ja ulkok\u00e4ytt\u00f6\u00f6n. Kytkent\u00e4 ruuviliittimin. Kotelointiluokka IP44.<\/p>\n<p>HIILI on uusi tyylik\u00e4s mattamusta s\u00e4hk\u00f6kalustesarja pinta- ja uppo-asennuksiin.<\/p>\n","protected":false},"featured_media":9962,"comment_status":"closed","ping_status":"closed","template":"","meta":[],"product_brand":[],"product_cat":[482,230],"product_tag":[],"class_list":{"0":"post-9960","1":"product","2":"type-product","3":"status-publish","4":"has-post-thumbnail","6":"product_cat-mustat-pistorasiat-ja-kytkimet","7":"product_cat-sahkotarvikkeet","9":"first","10":"instock","11":"taxable","12":"shipping-taxable","13":"purchasable","14":"product-type-simple"},"_links":{"self":[{"href":"https:\/\/www.ksttukku.fi\/kauppa\/wp-json\/wp\/v2\/product\/9960","targetHints":{"allow":["GET"]}}],"collection":[{"href":"https:\/\/www.ksttukku.fi\/kauppa\/wp-json\/wp\/v2\/product"}],"about":[{"href":"https:\/\/www.ksttukku.fi\/kauppa\/wp-json\/wp\/v2\/types\/product"}],"replies":[{"embeddable":true,"href":"https:\/\/www.ksttukku.fi\/kauppa\/wp-json\/wp\/v2\/comments?post=9960"}],"wp:featuredmedia":[{"embeddable":true,"href":"https:\/\/www.ksttukku.fi\/kauppa\/wp-json\/wp\/v2\/media\/9962"}],"wp:attachment":[{"href":"https:\/\/www.ksttukku.fi\/kauppa\/wp-json\/wp\/v2\/media?parent=9960"}],"wp:term":[{"taxonomy":"product_brand","embeddable":true,"href":"https:\/\/www.ksttukku.fi\/kauppa\/wp-json\/wp\/v2\/product_brand?post=9960"},{"taxonomy":"product_cat","embeddable":true,"href":"https:\/\/www.ksttukku.fi\/kauppa\/wp-json\/wp\/v2\/product_cat?post=9960"},{"taxonomy":"product_tag","embeddable":true,"href":"https:\/\/www.ksttukku.fi\/kauppa\/wp-json\/wp\/v2\/product_tag?post=9960"}],"curies":[{"name":"wp","href":"https:\/\/api.w.org\/{rel}","templated":true}]}}