{"id":9969,"date":"2022-05-21T11:22:46","date_gmt":"2022-05-21T08:22:46","guid":{"rendered":"https:\/\/www.ksttukku.fi\/kauppa\/?post_type=product&#038;p=9969"},"modified":"2022-05-21T11:22:47","modified_gmt":"2022-05-21T08:22:47","slug":"kytkin-hiili-1-6-pinta-mattamusta-ip44","status":"publish","type":"product","link":"https:\/\/www.ksttukku.fi\/kauppa\/tuote\/kytkin-hiili-1-6-pinta-mattamusta-ip44\/","title":{"rendered":"Kytkin HIILI 1\/6 pinta mattamusta IP44"},"content":{"rendered":"<p><span id=\"data1\" class=\"pt1\">Tekniset tiedot:<br \/>\nNimellisj\u00e4nnite: 250 V<br \/>\nTaajuus 50 Hz<br \/>\nNimellisvirta: 16 A<br \/>\nKotelointiluokka: IP44<br \/>\nMateriaali: PC, halogeeniton<br \/>\nV\u00e4ri: musta<br \/>\nKytkent\u00e4tapa: ruuviliittimet<br \/>\nAsennus: pinta-asennus<\/p>\n<p><\/span><\/p>\n","protected":false},"excerpt":{"rendered":"<p>HIILI-sarjan mattamusta pinta-asennettava roiskevesitiivis 1\/6 kytkin, joka sopii kosteisiin tiloihin ja ulkok\u00e4ytt\u00f6\u00f6n. Kytkent\u00e4 ruuviliittimin. Kotelointiluokka IP44.<\/p>\n","protected":false},"featured_media":9970,"comment_status":"closed","ping_status":"closed","template":"","meta":[],"product_brand":[],"product_cat":[482,230],"product_tag":[],"class_list":{"0":"post-9969","1":"product","2":"type-product","3":"status-publish","4":"has-post-thumbnail","6":"product_cat-mustat-pistorasiat-ja-kytkimet","7":"product_cat-sahkotarvikkeet","9":"first","10":"instock","11":"taxable","12":"shipping-taxable","13":"purchasable","14":"product-type-simple"},"_links":{"self":[{"href":"https:\/\/www.ksttukku.fi\/kauppa\/wp-json\/wp\/v2\/product\/9969","targetHints":{"allow":["GET"]}}],"collection":[{"href":"https:\/\/www.ksttukku.fi\/kauppa\/wp-json\/wp\/v2\/product"}],"about":[{"href":"https:\/\/www.ksttukku.fi\/kauppa\/wp-json\/wp\/v2\/types\/product"}],"replies":[{"embeddable":true,"href":"https:\/\/www.ksttukku.fi\/kauppa\/wp-json\/wp\/v2\/comments?post=9969"}],"wp:featuredmedia":[{"embeddable":true,"href":"https:\/\/www.ksttukku.fi\/kauppa\/wp-json\/wp\/v2\/media\/9970"}],"wp:attachment":[{"href":"https:\/\/www.ksttukku.fi\/kauppa\/wp-json\/wp\/v2\/media?parent=9969"}],"wp:term":[{"taxonomy":"product_brand","embeddable":true,"href":"https:\/\/www.ksttukku.fi\/kauppa\/wp-json\/wp\/v2\/product_brand?post=9969"},{"taxonomy":"product_cat","embeddable":true,"href":"https:\/\/www.ksttukku.fi\/kauppa\/wp-json\/wp\/v2\/product_cat?post=9969"},{"taxonomy":"product_tag","embeddable":true,"href":"https:\/\/www.ksttukku.fi\/kauppa\/wp-json\/wp\/v2\/product_tag?post=9969"}],"curies":[{"name":"wp","href":"https:\/\/api.w.org\/{rel}","templated":true}]}}