{"id":9972,"date":"2022-05-21T13:20:57","date_gmt":"2022-05-21T10:20:57","guid":{"rendered":"https:\/\/www.ksttukku.fi\/kauppa\/?post_type=product&#038;p=9972"},"modified":"2023-04-29T14:16:28","modified_gmt":"2023-04-29T11:16:28","slug":"day-night-kaihdin-musta-160x160cm","status":"publish","type":"product","link":"https:\/\/www.ksttukku.fi\/kauppa\/tuote\/day-night-kaihdin-musta-160x160cm\/","title":{"rendered":"Day &#038; Night kaihdin musta 160x160cm"},"content":{"rendered":"<p>Day &amp; Night -kaihtimen kuosissa on vaakasuunnassa vuorotellen l\u00e4pin\u00e4kyv\u00e4 kaistale ja v\u00e4rikaistale. P\u00e4\u00e4llimm\u00e4ist\u00e4 kangasta voidaan liikuttaa alimmaisen suhteen ja siten s\u00e4\u00e4t\u00e4\u00e4 l\u00e4pi tulevan valon m\u00e4\u00e4r\u00e4\u00e4 sek\u00e4 visuaalista ilmett\u00e4. T\u00e4ss\u00e4 mallissa perinteinen Presto-kiinnitys.<\/p>\n<ul>\n<li>vakiokorkeus 160 cm, korkeus aina kotelon yl\u00e4reunasta alalistan pohjaan<\/li>\n<li>kaihtimen yl\u00e4osan mekanismit voivat olla perinteiset tai kasetissa<\/li>\n<li>kaihtimien valmistaja Vertex on Keski-Euroopassa jo tunnettu eritt\u00e4in laadukkaista kaihtimistaan<\/li>\n<li>polyester<\/li>\n<\/ul>\n","protected":false},"excerpt":{"rendered":"<p>Day &amp; Night -kaihtimen kuosissa on vaakasuunnassa vuorotellen l\u00e4pin\u00e4kyv\u00e4 kaistale ja v\u00e4rikaistale. P\u00e4\u00e4llimm\u00e4ist\u00e4 kangasta voidaan liikuttaa alimmaisen suhteen ja siten s\u00e4\u00e4t\u00e4\u00e4 l\u00e4pi tulevan valon m\u00e4\u00e4r\u00e4\u00e4 sek\u00e4 visuaalista ilmett\u00e4. T\u00e4ss\u00e4 mallissa perinteinen Presto-kiinnitys. vakiokorkeus 160 cm, korkeus aina kotelon yl\u00e4reunasta alalistan pohjaan kaihtimen yl\u00e4osan mekanismit voivat olla perinteiset tai kasetissa kaihtimien valmistaja Vertex on Keski-Euroopassa jo [&hellip;]<\/p>\n","protected":false},"featured_media":9975,"comment_status":"closed","ping_status":"closed","template":"","meta":[],"product_brand":[],"product_cat":[104,477,109],"product_tag":[],"class_list":{"0":"post-9972","1":"product","2":"type-product","3":"status-publish","4":"has-post-thumbnail","6":"product_cat-kaihtimet-ja-verhotangot","7":"product_cat-rulla-ja-salekaihtimet-2","8":"product_cat-zebra","10":"first","11":"instock","12":"taxable","13":"shipping-taxable","14":"purchasable","15":"product-type-simple"},"_links":{"self":[{"href":"https:\/\/www.ksttukku.fi\/kauppa\/wp-json\/wp\/v2\/product\/9972","targetHints":{"allow":["GET"]}}],"collection":[{"href":"https:\/\/www.ksttukku.fi\/kauppa\/wp-json\/wp\/v2\/product"}],"about":[{"href":"https:\/\/www.ksttukku.fi\/kauppa\/wp-json\/wp\/v2\/types\/product"}],"replies":[{"embeddable":true,"href":"https:\/\/www.ksttukku.fi\/kauppa\/wp-json\/wp\/v2\/comments?post=9972"}],"wp:featuredmedia":[{"embeddable":true,"href":"https:\/\/www.ksttukku.fi\/kauppa\/wp-json\/wp\/v2\/media\/9975"}],"wp:attachment":[{"href":"https:\/\/www.ksttukku.fi\/kauppa\/wp-json\/wp\/v2\/media?parent=9972"}],"wp:term":[{"taxonomy":"product_brand","embeddable":true,"href":"https:\/\/www.ksttukku.fi\/kauppa\/wp-json\/wp\/v2\/product_brand?post=9972"},{"taxonomy":"product_cat","embeddable":true,"href":"https:\/\/www.ksttukku.fi\/kauppa\/wp-json\/wp\/v2\/product_cat?post=9972"},{"taxonomy":"product_tag","embeddable":true,"href":"https:\/\/www.ksttukku.fi\/kauppa\/wp-json\/wp\/v2\/product_tag?post=9972"}],"curies":[{"name":"wp","href":"https:\/\/api.w.org\/{rel}","templated":true}]}}