{"id":9982,"date":"2022-05-21T14:47:39","date_gmt":"2022-05-21T11:47:39","guid":{"rendered":"https:\/\/www.ksttukku.fi\/kauppa\/?post_type=product&#038;p=9982"},"modified":"2024-04-30T17:45:05","modified_gmt":"2024-04-30T14:45:05","slug":"alexo-ulkotulisija","status":"publish","type":"product","link":"https:\/\/www.ksttukku.fi\/kauppa\/tuote\/alexo-ulkotulisija\/","title":{"rendered":"Alexo ulkotulisija"},"content":{"rendered":"<p>Alexo on tyylik\u00e4s tukeva kolmijalka ulkotulisija \/ grilli. Grillausritil\u00e4 on kromattua lankaritil\u00e4\u00e4. Alexo toimii my\u00f6s l\u00e4mm\u00f6nl\u00e4hteen\u00e4 ja tunnelman luojana.<\/p>\n<ul>\n<li><strong>Mitat:<\/strong> 94,5 x 60cm<\/li>\n<li><strong>Paistopinta-ala:<\/strong> halk. 65 cm<\/li>\n<li><strong>Tulipes\u00e4:<\/strong> 73,5 x 30 cm<\/li>\n<li><strong>Valmistusmateriaali:<\/strong><\/li>\n<li><strong>Jalat:<\/strong> pulverimaalattu metalli<\/li>\n<li><strong>Kipin\u00e4verkko:<\/strong> pulverimaalattu<\/li>\n<li><strong>Paistopinta:<\/strong> kromattu ritil\u00e4<\/li>\n<li><strong>Takuu:<\/strong> 1 vuosi<\/li>\n<\/ul>\n","protected":false},"excerpt":{"rendered":"<p>Alexo on tyylik\u00e4s tukeva kolmijalka ulkotulisija \/ grilli. Grillausritil\u00e4 on kromattua lankaritil\u00e4\u00e4. Alexo toimii my\u00f6s l\u00e4mm\u00f6nl\u00e4hteen\u00e4 ja tunnelman luojana. Mitat: 94,5 x 60cm Paistopinta-ala: halk. 65 cm Tulipes\u00e4: 73,5 x 30 cm Valmistusmateriaali: Jalat: pulverimaalattu metalli Kipin\u00e4verkko: pulverimaalattu Paistopinta: kromattu ritil\u00e4 Takuu: 1 vuosi<\/p>\n","protected":false},"featured_media":9984,"comment_status":"closed","ping_status":"closed","template":"","meta":[],"product_brand":[],"product_cat":[132,133,204],"product_tag":[],"class_list":{"0":"post-9982","1":"product","2":"type-product","3":"status-publish","4":"has-post-thumbnail","6":"product_cat-grillit-ja-grillausarvikkeet","7":"product_cat-grillit","8":"product_cat-sisustustakat","10":"first","11":"instock","12":"sale","13":"taxable","14":"shipping-taxable","15":"purchasable","16":"product-type-simple"},"_links":{"self":[{"href":"https:\/\/www.ksttukku.fi\/kauppa\/wp-json\/wp\/v2\/product\/9982","targetHints":{"allow":["GET"]}}],"collection":[{"href":"https:\/\/www.ksttukku.fi\/kauppa\/wp-json\/wp\/v2\/product"}],"about":[{"href":"https:\/\/www.ksttukku.fi\/kauppa\/wp-json\/wp\/v2\/types\/product"}],"replies":[{"embeddable":true,"href":"https:\/\/www.ksttukku.fi\/kauppa\/wp-json\/wp\/v2\/comments?post=9982"}],"wp:featuredmedia":[{"embeddable":true,"href":"https:\/\/www.ksttukku.fi\/kauppa\/wp-json\/wp\/v2\/media\/9984"}],"wp:attachment":[{"href":"https:\/\/www.ksttukku.fi\/kauppa\/wp-json\/wp\/v2\/media?parent=9982"}],"wp:term":[{"taxonomy":"product_brand","embeddable":true,"href":"https:\/\/www.ksttukku.fi\/kauppa\/wp-json\/wp\/v2\/product_brand?post=9982"},{"taxonomy":"product_cat","embeddable":true,"href":"https:\/\/www.ksttukku.fi\/kauppa\/wp-json\/wp\/v2\/product_cat?post=9982"},{"taxonomy":"product_tag","embeddable":true,"href":"https:\/\/www.ksttukku.fi\/kauppa\/wp-json\/wp\/v2\/product_tag?post=9982"}],"curies":[{"name":"wp","href":"https:\/\/api.w.org\/{rel}","templated":true}]}}